{"id":5575,"date":"2014-04-28T16:42:11","date_gmt":"2014-04-28T14:42:11","guid":{"rendered":"http:\/\/strasser-steine.at\/en\/impressum\/"},"modified":"2016-03-23T18:16:59","modified_gmt":"2016-03-23T16:16:59","slug":"imprint","status":"publish","type":"page","link":"https:\/\/strasser-steine.at\/en\/imprint\/","title":{"rendered":"Imprint"},"content":{"rendered":"<h3>STRASSER Steine GmbH<\/h3>\n<p>Steinstra\u00dfe 1, A &#8211; 4113 St.Martin i.M\u00fchlkreis<br \/>\nTel.: +43 (0) 7232 \/ 22 27-0, Fax.: +43 (0) 7232 \/ 22 28-999<br \/>\nE-Mail: <a href=\"mailto:office@strasser-steine.at\">office@strasser-steine.at<\/a><\/p>\n<p>FB-Nr: 247893z, FB-Gericht: LG als HG Linz<br \/>\nUID: ATU57888922<\/p>\n<h4>Web Development:<\/h4>\n<p><a title=\"bluforce group\" href=\"http:\/\/www.bluforce.at\" target=\"_blank\">bluforce group<\/a><\/p>\n<h4>Partner: K\u00fcchenAtlas<\/h4>\n<p><span style=\"color: #395374;\"><a href=\"http:\/\/www.kuechen-atlas.de\/\" target=\"_blank\">K\u00fcchenAtlas &#8211; Das K\u00fcchenportal<\/a><\/span><\/p>\n<h4>Google Analytics<\/h4>\n<p>This website uses Google Analytics, a web analytics service provided by Google, Inc. (\u201cGoogle\u201d). Google Analytics uses \u201ccookies\u201d, which are text files placed on your computer, to help the website analyze how users use the site. The information generated by the cookie about your use of the website (including your IP address) will be transmitted to and stored by Google on servers in the United States . Google will use this information for the purpose of evaluating your use of the website, compiling reports on website activity for website operators and providing other services relating to website activity and internet usage. Google may also transfer this information to third parties where required to do so by law, or where such third parties process the information on Google\u2019s behalf. Google will not associate your IP address with any other data held by Google. You may refuse the use of cookies by selecting the appropriate settings on your browser, however please note that if you do this you may not be able to use the full functionality of this website. By using this website, you consent to the processing of data about you by Google in the manner and for the purposes set out above.<\/p>\n","protected":false},"excerpt":{"rendered":"<p>STRASSER Steine GmbH Steinstra\u00dfe 1, A &#8211; 4113 St.Martin i.M\u00fchlkreis Tel.: +43 (0) 7232 \/ 22 27-0, Fax.: +43 (0) 7232 \/ 22 28-999 E-Mail: office@strasser-steine.at FB-Nr: 247893z, FB-Gericht: LG als HG Linz UID: ATU57888922 Web Development: bluforce group Partner: K\u00fcchenAtlas K\u00fcchenAtlas &#8211; Das K\u00fcchenportal Google Analytics This website uses<span class=\"readMore\">&#8230;&nbsp;weiterlesen<\/span><\/p>\n","protected":false},"author":20,"featured_media":0,"parent":0,"menu_order":0,"comment_status":"closed","ping_status":"closed","template":"","meta":{"footnotes":""},"class_list":["post-5575","page","type-page","status-publish","hentry"],"yoast_head":"<!-- This site is optimized with the Yoast SEO plugin v27.3 - https:\/\/yoast.com\/product\/yoast-seo-wordpress\/ -->\n<title>Imprint | Strasser-Steine<\/title>\n<meta name=\"robots\" content=\"noindex, follow, max-snippet:-1, max-image-preview:large, max-video-preview:-1\" \/>\n<meta property=\"og:locale\" content=\"en_US\" \/>\n<meta property=\"og:type\" content=\"article\" \/>\n<meta property=\"og:title\" content=\"Imprint | Strasser-Steine\" \/>\n<meta property=\"og:description\" content=\"STRASSER Steine GmbH Steinstra\u00dfe 1, A &#8211; 4113 St.Martin i.M\u00fchlkreis Tel.: +43 (0) 7232 \/ 22 27-0, Fax.: +43 (0) 7232 \/ 22 28-999 E-Mail: office@strasser-steine.at FB-Nr: 247893z, FB-Gericht: LG als HG Linz UID: ATU57888922 Web Development: bluforce group Partner: K\u00fcchenAtlas K\u00fcchenAtlas &#8211; Das K\u00fcchenportal Google Analytics This website uses...&nbsp;weiterlesen\" \/>\n<meta property=\"og:url\" content=\"https:\/\/intelligent-babbage.45-83-245-57.plesk.page\/en\/imprint\/\" \/>\n<meta property=\"og:site_name\" content=\"Strasser-Steine\" \/>\n<meta property=\"article:modified_time\" content=\"2016-03-23T16:16:59+00:00\" \/>\n<meta name=\"twitter:label1\" content=\"Est. reading time\" \/>\n\t<meta name=\"twitter:data1\" content=\"1 minute\" \/>\n<script type=\"application\/ld+json\" class=\"yoast-schema-graph\">{\"@context\":\"https:\\\/\\\/schema.org\",\"@graph\":[{\"@type\":\"WebPage\",\"@id\":\"https:\\\/\\\/intelligent-babbage.45-83-245-57.plesk.page\\\/en\\\/imprint\\\/\",\"url\":\"https:\\\/\\\/intelligent-babbage.45-83-245-57.plesk.page\\\/en\\\/imprint\\\/\",\"name\":\"Imprint | Strasser-Steine\",\"isPartOf\":{\"@id\":\"https:\\\/\\\/intelligent-babbage.45-83-245-57.plesk.page\\\/#website\"},\"datePublished\":\"2014-04-28T14:42:11+00:00\",\"dateModified\":\"2016-03-23T16:16:59+00:00\",\"breadcrumb\":{\"@id\":\"https:\\\/\\\/intelligent-babbage.45-83-245-57.plesk.page\\\/en\\\/imprint\\\/#breadcrumb\"},\"inLanguage\":\"en-US\",\"potentialAction\":[{\"@type\":\"ReadAction\",\"target\":[\"https:\\\/\\\/intelligent-babbage.45-83-245-57.plesk.page\\\/en\\\/imprint\\\/\"]}]},{\"@type\":\"BreadcrumbList\",\"@id\":\"https:\\\/\\\/intelligent-babbage.45-83-245-57.plesk.page\\\/en\\\/imprint\\\/#breadcrumb\",\"itemListElement\":[{\"@type\":\"ListItem\",\"position\":1,\"name\":\"Home\",\"item\":\"https:\\\/\\\/intelligent-babbage.45-83-245-57.plesk.page\\\/en\\\/\"},{\"@type\":\"ListItem\",\"position\":2,\"name\":\"Imprint\"}]},{\"@type\":\"WebSite\",\"@id\":\"https:\\\/\\\/intelligent-babbage.45-83-245-57.plesk.page\\\/#website\",\"url\":\"https:\\\/\\\/intelligent-babbage.45-83-245-57.plesk.page\\\/\",\"name\":\"Strasser-Steine\",\"description\":\"\",\"potentialAction\":[{\"@type\":\"SearchAction\",\"target\":{\"@type\":\"EntryPoint\",\"urlTemplate\":\"https:\\\/\\\/intelligent-babbage.45-83-245-57.plesk.page\\\/?s={search_term_string}\"},\"query-input\":{\"@type\":\"PropertyValueSpecification\",\"valueRequired\":true,\"valueName\":\"search_term_string\"}}],\"inLanguage\":\"en-US\"}]}<\/script>\n<!-- \/ Yoast SEO plugin. -->","yoast_head_json":{"title":"Imprint | Strasser-Steine","robots":{"index":"noindex","follow":"follow","max-snippet":"max-snippet:-1","max-image-preview":"max-image-preview:large","max-video-preview":"max-video-preview:-1"},"og_locale":"en_US","og_type":"article","og_title":"Imprint | Strasser-Steine","og_description":"STRASSER Steine GmbH Steinstra\u00dfe 1, A &#8211; 4113 St.Martin i.M\u00fchlkreis Tel.: +43 (0) 7232 \/ 22 27-0, Fax.: +43 (0) 7232 \/ 22 28-999 E-Mail: office@strasser-steine.at FB-Nr: 247893z, FB-Gericht: LG als HG Linz UID: ATU57888922 Web Development: bluforce group Partner: K\u00fcchenAtlas K\u00fcchenAtlas &#8211; Das K\u00fcchenportal Google Analytics This website uses...&nbsp;weiterlesen","og_url":"https:\/\/intelligent-babbage.45-83-245-57.plesk.page\/en\/imprint\/","og_site_name":"Strasser-Steine","article_modified_time":"2016-03-23T16:16:59+00:00","twitter_misc":{"Est. reading time":"1 minute"},"schema":{"@context":"https:\/\/schema.org","@graph":[{"@type":"WebPage","@id":"https:\/\/intelligent-babbage.45-83-245-57.plesk.page\/en\/imprint\/","url":"https:\/\/intelligent-babbage.45-83-245-57.plesk.page\/en\/imprint\/","name":"Imprint | Strasser-Steine","isPartOf":{"@id":"https:\/\/intelligent-babbage.45-83-245-57.plesk.page\/#website"},"datePublished":"2014-04-28T14:42:11+00:00","dateModified":"2016-03-23T16:16:59+00:00","breadcrumb":{"@id":"https:\/\/intelligent-babbage.45-83-245-57.plesk.page\/en\/imprint\/#breadcrumb"},"inLanguage":"en-US","potentialAction":[{"@type":"ReadAction","target":["https:\/\/intelligent-babbage.45-83-245-57.plesk.page\/en\/imprint\/"]}]},{"@type":"BreadcrumbList","@id":"https:\/\/intelligent-babbage.45-83-245-57.plesk.page\/en\/imprint\/#breadcrumb","itemListElement":[{"@type":"ListItem","position":1,"name":"Home","item":"https:\/\/intelligent-babbage.45-83-245-57.plesk.page\/en\/"},{"@type":"ListItem","position":2,"name":"Imprint"}]},{"@type":"WebSite","@id":"https:\/\/intelligent-babbage.45-83-245-57.plesk.page\/#website","url":"https:\/\/intelligent-babbage.45-83-245-57.plesk.page\/","name":"Strasser-Steine","description":"","potentialAction":[{"@type":"SearchAction","target":{"@type":"EntryPoint","urlTemplate":"https:\/\/intelligent-babbage.45-83-245-57.plesk.page\/?s={search_term_string}"},"query-input":{"@type":"PropertyValueSpecification","valueRequired":true,"valueName":"search_term_string"}}],"inLanguage":"en-US"}]}},"_links":{"self":[{"href":"https:\/\/strasser-steine.at\/en\/wp-json\/wp\/v2\/pages\/5575","targetHints":{"allow":["GET"]}}],"collection":[{"href":"https:\/\/strasser-steine.at\/en\/wp-json\/wp\/v2\/pages"}],"about":[{"href":"https:\/\/strasser-steine.at\/en\/wp-json\/wp\/v2\/types\/page"}],"author":[{"embeddable":true,"href":"https:\/\/strasser-steine.at\/en\/wp-json\/wp\/v2\/users\/20"}],"replies":[{"embeddable":true,"href":"https:\/\/strasser-steine.at\/en\/wp-json\/wp\/v2\/comments?post=5575"}],"version-history":[{"count":3,"href":"https:\/\/strasser-steine.at\/en\/wp-json\/wp\/v2\/pages\/5575\/revisions"}],"predecessor-version":[{"id":5580,"href":"https:\/\/strasser-steine.at\/en\/wp-json\/wp\/v2\/pages\/5575\/revisions\/5580"}],"wp:attachment":[{"href":"https:\/\/strasser-steine.at\/en\/wp-json\/wp\/v2\/media?parent=5575"}],"curies":[{"name":"wp","href":"https:\/\/api.w.org\/{rel}","templated":true}]}}