{"id":5550,"date":"2014-03-13T16:34:39","date_gmt":"2014-03-13T14:34:39","guid":{"rendered":"http:\/\/strasser-steine.at\/en\/kontakt\/"},"modified":"2016-04-08T13:11:22","modified_gmt":"2016-04-08T11:11:22","slug":"kontakt","status":"publish","type":"page","link":"https:\/\/strasser-steine.at\/en\/kontakt\/","title":{"rendered":"Contact"},"content":{"rendered":"<h2>Head office St. Martin<\/h2>\n<p>STRASSER Steine GmbH<br \/>\nSteinstra\u00dfe 1<br \/>\nA-4113 St. Martin i.M.<br \/>\nE-Mail: <a href=\"mailto:office@strasser-steine.at\">office@strasser-steine.at<\/a><br \/>\nPhone. +43 (0) 7232 \/ 22 27-0<\/p>\n<h3>Office hours<\/h3>\n<p>Monday -Thursday 7.00 am &#8211; 12.00 am and 01.00 pm &#8211; 05.00 pm<br \/>\nFriday 7.00 am &#8211; 12.00 am<\/p>\n<h2>Office K\u00f6sching<\/h2>\n<p>STRASSER Steine Vertriebsges. m. b. H.<br \/>\nRuppertswies 32<br \/>\nD-85092 K\u00f6sching bei Ingolstadt<br \/>\nPhone. +49 8456 \/ 27 801-0<br \/>\nFax +49 8456 \/ 27 801-99<\/p>\n\n<div class=\"wpcf7 no-js\" id=\"wpcf7-f5553-o1\" lang=\"de-DE\" dir=\"ltr\" data-wpcf7-id=\"5553\">\n<div class=\"screen-reader-response\"><p role=\"status\" aria-live=\"polite\" aria-atomic=\"true\"><\/p> <ul><\/ul><\/div>\n<form action=\"\/en\/wp-json\/wp\/v2\/pages\/5550#wpcf7-f5553-o1\" method=\"post\" class=\"wpcf7-form init\" aria-label=\"Kontaktformular\" novalidate=\"novalidate\" data-status=\"init\">\n<fieldset class=\"hidden-fields-container\"><input type=\"hidden\" name=\"_wpcf7\" value=\"5553\" \/><input type=\"hidden\" name=\"_wpcf7_version\" value=\"6.1.5\" \/><input type=\"hidden\" name=\"_wpcf7_locale\" value=\"de_DE\" \/><input type=\"hidden\" name=\"_wpcf7_unit_tag\" value=\"wpcf7-f5553-o1\" \/><input type=\"hidden\" name=\"_wpcf7_container_post\" value=\"0\" \/><input type=\"hidden\" name=\"_wpcf7_posted_data_hash\" value=\"\" \/>\n<\/fieldset>\n<h3>Contactform\n<\/h3>\n<p>Your Name (mandatory field)\n<\/p>\n<p><span class=\"wpcf7-form-control-wrap\" data-name=\"your-name\"><input size=\"40\" maxlength=\"400\" class=\"wpcf7-form-control wpcf7-text wpcf7-validates-as-required\" aria-required=\"true\" aria-invalid=\"false\" value=\"\" type=\"text\" name=\"your-name\" \/><\/span>\n<\/p>\n<p>Your E-Mail (mandatory field)\n<\/p>\n<p><span class=\"wpcf7-form-control-wrap\" data-name=\"your-email\"><input size=\"40\" maxlength=\"400\" class=\"wpcf7-form-control wpcf7-email wpcf7-validates-as-required wpcf7-text wpcf7-validates-as-email\" aria-required=\"true\" aria-invalid=\"false\" value=\"\" type=\"email\" name=\"your-email\" \/><\/span>\n<\/p>\n<p>Town\n<\/p>\n<p><span class=\"wpcf7-form-control-wrap\" data-name=\"your-wohnort\"><input size=\"40\" maxlength=\"400\" class=\"wpcf7-form-control wpcf7-text\" aria-invalid=\"false\" value=\"\" type=\"text\" name=\"your-wohnort\" \/><\/span>\n<\/p>\n<p>ZIP\n<\/p>\n<p><span class=\"wpcf7-form-control-wrap\" data-name=\"your-postleitzahl\"><input size=\"40\" maxlength=\"400\" class=\"wpcf7-form-control wpcf7-text\" aria-invalid=\"false\" value=\"\" type=\"text\" name=\"your-postleitzahl\" \/><\/span>\n<\/p>\n<p>Country\n<\/p>\n<p><span class=\"wpcf7-form-control-wrap\" data-name=\"your-land\"><input size=\"40\" maxlength=\"400\" class=\"wpcf7-form-control wpcf7-text\" aria-invalid=\"false\" value=\"\" type=\"text\" name=\"your-land\" \/><\/span>\n<\/p>\n<p>Subject\n<\/p>\n<p><span class=\"wpcf7-form-control-wrap\" data-name=\"your-subject\"><input size=\"40\" maxlength=\"400\" class=\"wpcf7-form-control wpcf7-text\" aria-invalid=\"false\" value=\"\" type=\"text\" name=\"your-subject\" \/><\/span>\n<\/p>\n<p>Message\n<\/p>\n<p><span class=\"wpcf7-form-control-wrap\" data-name=\"your-message\"><textarea cols=\"40\" rows=\"10\" maxlength=\"2000\" class=\"wpcf7-form-control wpcf7-textarea\" aria-invalid=\"false\" name=\"your-message\"><\/textarea><\/span>\n<\/p>\n<p><input class=\"wpcf7-form-control wpcf7-submit has-spinner\" type=\"submit\" value=\"Senden\" \/>\n<\/p><input type='hidden' class='wpcf7-pum' value='{\"closepopup\":false,\"closedelay\":0,\"openpopup\":false,\"openpopup_id\":0}' \/><div class=\"wpcf7-response-output\" aria-hidden=\"true\"><\/div>\n<\/form>\n<\/div>\n\n","protected":false},"excerpt":{"rendered":"<p>Head office St. Martin STRASSER Steine GmbH Steinstra\u00dfe 1 A-4113 St. Martin i.M. E-Mail: office@strasser-steine.at Phone. +43 (0) 7232 \/ 22 27-0 Office hours Monday -Thursday 7.00 am &#8211; 12.00 am and 01.00 pm &#8211; 05.00 pm Friday 7.00 am &#8211; 12.00 am Office K\u00f6sching STRASSER Steine Vertriebsges. m. b.<span class=\"readMore\">&#8230;&nbsp;weiterlesen<\/span><\/p>\n","protected":false},"author":20,"featured_media":0,"parent":0,"menu_order":0,"comment_status":"open","ping_status":"closed","template":"temp\/content-anfahrt.php","meta":{"footnotes":""},"class_list":["post-5550","page","type-page","status-publish","hentry"],"yoast_head":"<!-- This site is optimized with the Yoast SEO plugin v27.3 - https:\/\/yoast.com\/product\/yoast-seo-wordpress\/ -->\n<title>Service wird bei Strasser Steine hochgeschrieben<\/title>\n<meta name=\"description\" content=\"Sie ben\u00f6tigen zus\u00e4tzliche Information zu unseren K\u00fcchenarbeitsplatten, Natursteinen oder Granitkornplatten? Hier finden Sie unsere Kontaktdaten.\" \/>\n<meta name=\"robots\" content=\"noindex, follow, max-snippet:-1, max-image-preview:large, max-video-preview:-1\" \/>\n<meta property=\"og:locale\" content=\"en_US\" \/>\n<meta property=\"og:type\" content=\"article\" \/>\n<meta property=\"og:title\" content=\"Service wird bei Strasser Steine hochgeschrieben\" \/>\n<meta property=\"og:description\" content=\"Sie ben\u00f6tigen zus\u00e4tzliche Information zu unseren K\u00fcchenarbeitsplatten, Natursteinen oder Granitkornplatten? Hier finden Sie unsere Kontaktdaten.\" \/>\n<meta property=\"og:url\" content=\"https:\/\/intelligent-babbage.45-83-245-57.plesk.page\/en\/kontakt\/\" \/>\n<meta property=\"og:site_name\" content=\"Strasser-Steine\" \/>\n<meta property=\"article:modified_time\" content=\"2016-04-08T11:11:22+00:00\" \/>\n<script type=\"application\/ld+json\" class=\"yoast-schema-graph\">{\"@context\":\"https:\\\/\\\/schema.org\",\"@graph\":[{\"@type\":\"WebPage\",\"@id\":\"https:\\\/\\\/intelligent-babbage.45-83-245-57.plesk.page\\\/en\\\/kontakt\\\/\",\"url\":\"https:\\\/\\\/intelligent-babbage.45-83-245-57.plesk.page\\\/en\\\/kontakt\\\/\",\"name\":\"Service wird bei Strasser Steine hochgeschrieben\",\"isPartOf\":{\"@id\":\"https:\\\/\\\/intelligent-babbage.45-83-245-57.plesk.page\\\/#website\"},\"datePublished\":\"2014-03-13T14:34:39+00:00\",\"dateModified\":\"2016-04-08T11:11:22+00:00\",\"description\":\"Sie ben\u00f6tigen zus\u00e4tzliche Information zu unseren K\u00fcchenarbeitsplatten, Natursteinen oder Granitkornplatten? Hier finden Sie unsere Kontaktdaten.\",\"breadcrumb\":{\"@id\":\"https:\\\/\\\/intelligent-babbage.45-83-245-57.plesk.page\\\/en\\\/kontakt\\\/#breadcrumb\"},\"inLanguage\":\"en-US\",\"potentialAction\":[{\"@type\":\"ReadAction\",\"target\":[\"https:\\\/\\\/intelligent-babbage.45-83-245-57.plesk.page\\\/en\\\/kontakt\\\/\"]}]},{\"@type\":\"BreadcrumbList\",\"@id\":\"https:\\\/\\\/intelligent-babbage.45-83-245-57.plesk.page\\\/en\\\/kontakt\\\/#breadcrumb\",\"itemListElement\":[{\"@type\":\"ListItem\",\"position\":1,\"name\":\"Home\",\"item\":\"https:\\\/\\\/intelligent-babbage.45-83-245-57.plesk.page\\\/en\\\/\"},{\"@type\":\"ListItem\",\"position\":2,\"name\":\"Contact\"}]},{\"@type\":\"WebSite\",\"@id\":\"https:\\\/\\\/intelligent-babbage.45-83-245-57.plesk.page\\\/#website\",\"url\":\"https:\\\/\\\/intelligent-babbage.45-83-245-57.plesk.page\\\/\",\"name\":\"Strasser-Steine\",\"description\":\"\",\"potentialAction\":[{\"@type\":\"SearchAction\",\"target\":{\"@type\":\"EntryPoint\",\"urlTemplate\":\"https:\\\/\\\/intelligent-babbage.45-83-245-57.plesk.page\\\/?s={search_term_string}\"},\"query-input\":{\"@type\":\"PropertyValueSpecification\",\"valueRequired\":true,\"valueName\":\"search_term_string\"}}],\"inLanguage\":\"en-US\"}]}<\/script>\n<!-- \/ Yoast SEO plugin. -->","yoast_head_json":{"title":"Service wird bei Strasser Steine hochgeschrieben","description":"Sie ben\u00f6tigen zus\u00e4tzliche Information zu unseren K\u00fcchenarbeitsplatten, Natursteinen oder Granitkornplatten? Hier finden Sie unsere Kontaktdaten.","robots":{"index":"noindex","follow":"follow","max-snippet":"max-snippet:-1","max-image-preview":"max-image-preview:large","max-video-preview":"max-video-preview:-1"},"og_locale":"en_US","og_type":"article","og_title":"Service wird bei Strasser Steine hochgeschrieben","og_description":"Sie ben\u00f6tigen zus\u00e4tzliche Information zu unseren K\u00fcchenarbeitsplatten, Natursteinen oder Granitkornplatten? Hier finden Sie unsere Kontaktdaten.","og_url":"https:\/\/intelligent-babbage.45-83-245-57.plesk.page\/en\/kontakt\/","og_site_name":"Strasser-Steine","article_modified_time":"2016-04-08T11:11:22+00:00","schema":{"@context":"https:\/\/schema.org","@graph":[{"@type":"WebPage","@id":"https:\/\/intelligent-babbage.45-83-245-57.plesk.page\/en\/kontakt\/","url":"https:\/\/intelligent-babbage.45-83-245-57.plesk.page\/en\/kontakt\/","name":"Service wird bei Strasser Steine hochgeschrieben","isPartOf":{"@id":"https:\/\/intelligent-babbage.45-83-245-57.plesk.page\/#website"},"datePublished":"2014-03-13T14:34:39+00:00","dateModified":"2016-04-08T11:11:22+00:00","description":"Sie ben\u00f6tigen zus\u00e4tzliche Information zu unseren K\u00fcchenarbeitsplatten, Natursteinen oder Granitkornplatten? Hier finden Sie unsere Kontaktdaten.","breadcrumb":{"@id":"https:\/\/intelligent-babbage.45-83-245-57.plesk.page\/en\/kontakt\/#breadcrumb"},"inLanguage":"en-US","potentialAction":[{"@type":"ReadAction","target":["https:\/\/intelligent-babbage.45-83-245-57.plesk.page\/en\/kontakt\/"]}]},{"@type":"BreadcrumbList","@id":"https:\/\/intelligent-babbage.45-83-245-57.plesk.page\/en\/kontakt\/#breadcrumb","itemListElement":[{"@type":"ListItem","position":1,"name":"Home","item":"https:\/\/intelligent-babbage.45-83-245-57.plesk.page\/en\/"},{"@type":"ListItem","position":2,"name":"Contact"}]},{"@type":"WebSite","@id":"https:\/\/intelligent-babbage.45-83-245-57.plesk.page\/#website","url":"https:\/\/intelligent-babbage.45-83-245-57.plesk.page\/","name":"Strasser-Steine","description":"","potentialAction":[{"@type":"SearchAction","target":{"@type":"EntryPoint","urlTemplate":"https:\/\/intelligent-babbage.45-83-245-57.plesk.page\/?s={search_term_string}"},"query-input":{"@type":"PropertyValueSpecification","valueRequired":true,"valueName":"search_term_string"}}],"inLanguage":"en-US"}]}},"_links":{"self":[{"href":"https:\/\/strasser-steine.at\/en\/wp-json\/wp\/v2\/pages\/5550","targetHints":{"allow":["GET"]}}],"collection":[{"href":"https:\/\/strasser-steine.at\/en\/wp-json\/wp\/v2\/pages"}],"about":[{"href":"https:\/\/strasser-steine.at\/en\/wp-json\/wp\/v2\/types\/page"}],"author":[{"embeddable":true,"href":"https:\/\/strasser-steine.at\/en\/wp-json\/wp\/v2\/users\/20"}],"replies":[{"embeddable":true,"href":"https:\/\/strasser-steine.at\/en\/wp-json\/wp\/v2\/comments?post=5550"}],"version-history":[{"count":10,"href":"https:\/\/strasser-steine.at\/en\/wp-json\/wp\/v2\/pages\/5550\/revisions"}],"predecessor-version":[{"id":5748,"href":"https:\/\/strasser-steine.at\/en\/wp-json\/wp\/v2\/pages\/5550\/revisions\/5748"}],"wp:attachment":[{"href":"https:\/\/strasser-steine.at\/en\/wp-json\/wp\/v2\/media?parent=5550"}],"curies":[{"name":"wp","href":"https:\/\/api.w.org\/{rel}","templated":true}]}}