{"id":5528,"date":"2014-07-01T17:36:54","date_gmt":"2014-07-01T15:36:54","guid":{"rendered":"http:\/\/strasser-steine.at\/en\/st-one\/"},"modified":"2016-04-08T13:11:53","modified_gmt":"2016-04-08T11:11:53","slug":"st-one","status":"publish","type":"page","link":"https:\/\/strasser-steine.at\/en\/st-one\/","title":{"rendered":"THE RETURN OF THE STONE AGE"},"content":{"rendered":"<p>Natural stone, \u201cthe salt of the kitchen,\u201d is one of the oldest known materials and dates back to the Prehistoric Age. As the key to comfort, security, happiness and culture, it is the only material that could have withstood the primal power of fire.<\/p>\n","protected":false},"excerpt":{"rendered":"<p>Natural stone, \u201cthe salt of the kitchen,\u201d is one of the oldest known materials and dates back to the Prehistoric Age. As the key to comfort, security, happiness and culture, it is the only material that could have withstood the primal power of fire.<\/p>\n","protected":false},"author":20,"featured_media":0,"parent":0,"menu_order":0,"comment_status":"open","ping_status":"closed","template":"temp\/content-stone.php","meta":{"footnotes":""},"class_list":["post-5528","page","type-page","status-publish","hentry"],"yoast_head":"<!-- This site is optimized with the Yoast SEO plugin v27.3 - https:\/\/yoast.com\/product\/yoast-seo-wordpress\/ -->\n<title>ST-ONE K\u00fccheninsel aus Naturstein<\/title>\n<meta name=\"description\" content=\"Naturstein war schon in pr\u00e4historischen Zeiten der Schl\u00fcssel zu Wohlstand, Geborgenheit, Gl\u00fcck und Kultur. Hier finden Sie ihre Naturstein-Inspiration!\" \/>\n<meta name=\"robots\" content=\"noindex, follow, max-snippet:-1, max-image-preview:large, max-video-preview:-1\" \/>\n<meta property=\"og:locale\" content=\"en_US\" \/>\n<meta property=\"og:type\" content=\"article\" \/>\n<meta property=\"og:title\" content=\"ST-ONE K\u00fccheninsel aus Naturstein\" \/>\n<meta property=\"og:description\" content=\"Naturstein war schon in pr\u00e4historischen Zeiten der Schl\u00fcssel zu Wohlstand, Geborgenheit, Gl\u00fcck und Kultur. Hier finden Sie ihre Naturstein-Inspiration!\" \/>\n<meta property=\"og:url\" content=\"https:\/\/intelligent-babbage.45-83-245-57.plesk.page\/en\/st-one\/\" \/>\n<meta property=\"og:site_name\" content=\"Strasser-Steine\" \/>\n<meta property=\"article:modified_time\" content=\"2016-04-08T11:11:53+00:00\" \/>\n<script type=\"application\/ld+json\" class=\"yoast-schema-graph\">{\"@context\":\"https:\\\/\\\/schema.org\",\"@graph\":[{\"@type\":\"WebPage\",\"@id\":\"https:\\\/\\\/intelligent-babbage.45-83-245-57.plesk.page\\\/en\\\/st-one\\\/\",\"url\":\"https:\\\/\\\/intelligent-babbage.45-83-245-57.plesk.page\\\/en\\\/st-one\\\/\",\"name\":\"ST-ONE K\u00fccheninsel aus Naturstein\",\"isPartOf\":{\"@id\":\"https:\\\/\\\/intelligent-babbage.45-83-245-57.plesk.page\\\/#website\"},\"datePublished\":\"2014-07-01T15:36:54+00:00\",\"dateModified\":\"2016-04-08T11:11:53+00:00\",\"description\":\"Naturstein war schon in pr\u00e4historischen Zeiten der Schl\u00fcssel zu Wohlstand, Geborgenheit, Gl\u00fcck und Kultur. Hier finden Sie ihre Naturstein-Inspiration!\",\"breadcrumb\":{\"@id\":\"https:\\\/\\\/intelligent-babbage.45-83-245-57.plesk.page\\\/en\\\/st-one\\\/#breadcrumb\"},\"inLanguage\":\"en-US\",\"potentialAction\":[{\"@type\":\"ReadAction\",\"target\":[\"https:\\\/\\\/intelligent-babbage.45-83-245-57.plesk.page\\\/en\\\/st-one\\\/\"]}]},{\"@type\":\"BreadcrumbList\",\"@id\":\"https:\\\/\\\/intelligent-babbage.45-83-245-57.plesk.page\\\/en\\\/st-one\\\/#breadcrumb\",\"itemListElement\":[{\"@type\":\"ListItem\",\"position\":1,\"name\":\"Home\",\"item\":\"https:\\\/\\\/intelligent-babbage.45-83-245-57.plesk.page\\\/en\\\/\"},{\"@type\":\"ListItem\",\"position\":2,\"name\":\"THE RETURN OF THE STONE AGE\"}]},{\"@type\":\"WebSite\",\"@id\":\"https:\\\/\\\/intelligent-babbage.45-83-245-57.plesk.page\\\/#website\",\"url\":\"https:\\\/\\\/intelligent-babbage.45-83-245-57.plesk.page\\\/\",\"name\":\"Strasser-Steine\",\"description\":\"\",\"potentialAction\":[{\"@type\":\"SearchAction\",\"target\":{\"@type\":\"EntryPoint\",\"urlTemplate\":\"https:\\\/\\\/intelligent-babbage.45-83-245-57.plesk.page\\\/?s={search_term_string}\"},\"query-input\":{\"@type\":\"PropertyValueSpecification\",\"valueRequired\":true,\"valueName\":\"search_term_string\"}}],\"inLanguage\":\"en-US\"}]}<\/script>\n<!-- \/ Yoast SEO plugin. -->","yoast_head_json":{"title":"ST-ONE K\u00fccheninsel aus Naturstein","description":"Naturstein war schon in pr\u00e4historischen Zeiten der Schl\u00fcssel zu Wohlstand, Geborgenheit, Gl\u00fcck und Kultur. Hier finden Sie ihre Naturstein-Inspiration!","robots":{"index":"noindex","follow":"follow","max-snippet":"max-snippet:-1","max-image-preview":"max-image-preview:large","max-video-preview":"max-video-preview:-1"},"og_locale":"en_US","og_type":"article","og_title":"ST-ONE K\u00fccheninsel aus Naturstein","og_description":"Naturstein war schon in pr\u00e4historischen Zeiten der Schl\u00fcssel zu Wohlstand, Geborgenheit, Gl\u00fcck und Kultur. Hier finden Sie ihre Naturstein-Inspiration!","og_url":"https:\/\/intelligent-babbage.45-83-245-57.plesk.page\/en\/st-one\/","og_site_name":"Strasser-Steine","article_modified_time":"2016-04-08T11:11:53+00:00","schema":{"@context":"https:\/\/schema.org","@graph":[{"@type":"WebPage","@id":"https:\/\/intelligent-babbage.45-83-245-57.plesk.page\/en\/st-one\/","url":"https:\/\/intelligent-babbage.45-83-245-57.plesk.page\/en\/st-one\/","name":"ST-ONE K\u00fccheninsel aus Naturstein","isPartOf":{"@id":"https:\/\/intelligent-babbage.45-83-245-57.plesk.page\/#website"},"datePublished":"2014-07-01T15:36:54+00:00","dateModified":"2016-04-08T11:11:53+00:00","description":"Naturstein war schon in pr\u00e4historischen Zeiten der Schl\u00fcssel zu Wohlstand, Geborgenheit, Gl\u00fcck und Kultur. Hier finden Sie ihre Naturstein-Inspiration!","breadcrumb":{"@id":"https:\/\/intelligent-babbage.45-83-245-57.plesk.page\/en\/st-one\/#breadcrumb"},"inLanguage":"en-US","potentialAction":[{"@type":"ReadAction","target":["https:\/\/intelligent-babbage.45-83-245-57.plesk.page\/en\/st-one\/"]}]},{"@type":"BreadcrumbList","@id":"https:\/\/intelligent-babbage.45-83-245-57.plesk.page\/en\/st-one\/#breadcrumb","itemListElement":[{"@type":"ListItem","position":1,"name":"Home","item":"https:\/\/intelligent-babbage.45-83-245-57.plesk.page\/en\/"},{"@type":"ListItem","position":2,"name":"THE RETURN OF THE STONE AGE"}]},{"@type":"WebSite","@id":"https:\/\/intelligent-babbage.45-83-245-57.plesk.page\/#website","url":"https:\/\/intelligent-babbage.45-83-245-57.plesk.page\/","name":"Strasser-Steine","description":"","potentialAction":[{"@type":"SearchAction","target":{"@type":"EntryPoint","urlTemplate":"https:\/\/intelligent-babbage.45-83-245-57.plesk.page\/?s={search_term_string}"},"query-input":{"@type":"PropertyValueSpecification","valueRequired":true,"valueName":"search_term_string"}}],"inLanguage":"en-US"}]}},"_links":{"self":[{"href":"https:\/\/strasser-steine.at\/en\/wp-json\/wp\/v2\/pages\/5528","targetHints":{"allow":["GET"]}}],"collection":[{"href":"https:\/\/strasser-steine.at\/en\/wp-json\/wp\/v2\/pages"}],"about":[{"href":"https:\/\/strasser-steine.at\/en\/wp-json\/wp\/v2\/types\/page"}],"author":[{"embeddable":true,"href":"https:\/\/strasser-steine.at\/en\/wp-json\/wp\/v2\/users\/20"}],"replies":[{"embeddable":true,"href":"https:\/\/strasser-steine.at\/en\/wp-json\/wp\/v2\/comments?post=5528"}],"version-history":[{"count":3,"href":"https:\/\/strasser-steine.at\/en\/wp-json\/wp\/v2\/pages\/5528\/revisions"}],"predecessor-version":[{"id":5749,"href":"https:\/\/strasser-steine.at\/en\/wp-json\/wp\/v2\/pages\/5528\/revisions\/5749"}],"wp:attachment":[{"href":"https:\/\/strasser-steine.at\/en\/wp-json\/wp\/v2\/media?parent=5528"}],"curies":[{"name":"wp","href":"https:\/\/api.w.org\/{rel}","templated":true}]}}