{"id":5505,"date":"2014-05-27T15:09:17","date_gmt":"2014-05-27T13:09:17","guid":{"rendered":"http:\/\/strasser-steine.at\/en\/unternehmen\/"},"modified":"2016-03-23T11:52:07","modified_gmt":"2016-03-23T09:52:07","slug":"unternehmen","status":"publish","type":"page","link":"https:\/\/strasser-steine.at\/en\/unternehmen\/","title":{"rendered":"COMPANY <span>INTRODUCTION<\/span>"},"content":{"rendered":"","protected":false},"excerpt":{"rendered":"","protected":false},"author":20,"featured_media":0,"parent":0,"menu_order":0,"comment_status":"open","ping_status":"closed","template":"temp\/accordion.php","meta":{"footnotes":""},"class_list":["post-5505","page","type-page","status-publish","hentry"],"yoast_head":"<!-- This site is optimized with the Yoast SEO plugin v27.3 - https:\/\/yoast.com\/product\/yoast-seo-wordpress\/ -->\n<title>Strasser Steine - gr\u00f6\u00dfter Natursteinverarbeiter in \u00d6sterreich<\/title>\n<meta name=\"description\" content=\"STRASSER Steine ist im Kernland des Granits mit 190 Mitarbeiterinnen und Mitarbeitern der gr\u00f6\u00dfte Natursteinverarbeiter in \u00d6sterreich.\" \/>\n<meta name=\"robots\" content=\"noindex, follow, max-snippet:-1, max-image-preview:large, max-video-preview:-1\" \/>\n<meta property=\"og:locale\" content=\"en_US\" \/>\n<meta property=\"og:type\" content=\"article\" \/>\n<meta property=\"og:title\" content=\"Strasser Steine - gr\u00f6\u00dfter Natursteinverarbeiter in \u00d6sterreich\" \/>\n<meta property=\"og:description\" content=\"STRASSER Steine ist im Kernland des Granits mit 190 Mitarbeiterinnen und Mitarbeitern der gr\u00f6\u00dfte Natursteinverarbeiter in \u00d6sterreich.\" \/>\n<meta property=\"og:url\" content=\"https:\/\/intelligent-babbage.45-83-245-57.plesk.page\/en\/unternehmen\/\" \/>\n<meta property=\"og:site_name\" content=\"Strasser-Steine\" \/>\n<meta property=\"article:modified_time\" content=\"2016-03-23T09:52:07+00:00\" \/>\n<script type=\"application\/ld+json\" class=\"yoast-schema-graph\">{\"@context\":\"https:\\\/\\\/schema.org\",\"@graph\":[{\"@type\":\"WebPage\",\"@id\":\"https:\\\/\\\/intelligent-babbage.45-83-245-57.plesk.page\\\/en\\\/unternehmen\\\/\",\"url\":\"https:\\\/\\\/intelligent-babbage.45-83-245-57.plesk.page\\\/en\\\/unternehmen\\\/\",\"name\":\"Strasser Steine - gr\u00f6\u00dfter Natursteinverarbeiter in \u00d6sterreich\",\"isPartOf\":{\"@id\":\"https:\\\/\\\/intelligent-babbage.45-83-245-57.plesk.page\\\/#website\"},\"datePublished\":\"2014-05-27T13:09:17+00:00\",\"dateModified\":\"2016-03-23T09:52:07+00:00\",\"description\":\"STRASSER Steine ist im Kernland des Granits mit 190 Mitarbeiterinnen und Mitarbeitern der gr\u00f6\u00dfte Natursteinverarbeiter in \u00d6sterreich.\",\"breadcrumb\":{\"@id\":\"https:\\\/\\\/intelligent-babbage.45-83-245-57.plesk.page\\\/en\\\/unternehmen\\\/#breadcrumb\"},\"inLanguage\":\"en-US\",\"potentialAction\":[{\"@type\":\"ReadAction\",\"target\":[\"https:\\\/\\\/intelligent-babbage.45-83-245-57.plesk.page\\\/en\\\/unternehmen\\\/\"]}]},{\"@type\":\"BreadcrumbList\",\"@id\":\"https:\\\/\\\/intelligent-babbage.45-83-245-57.plesk.page\\\/en\\\/unternehmen\\\/#breadcrumb\",\"itemListElement\":[{\"@type\":\"ListItem\",\"position\":1,\"name\":\"Home\",\"item\":\"https:\\\/\\\/intelligent-babbage.45-83-245-57.plesk.page\\\/en\\\/\"},{\"@type\":\"ListItem\",\"position\":2,\"name\":\"COMPANY INTRODUCTION\"}]},{\"@type\":\"WebSite\",\"@id\":\"https:\\\/\\\/intelligent-babbage.45-83-245-57.plesk.page\\\/#website\",\"url\":\"https:\\\/\\\/intelligent-babbage.45-83-245-57.plesk.page\\\/\",\"name\":\"Strasser-Steine\",\"description\":\"\",\"potentialAction\":[{\"@type\":\"SearchAction\",\"target\":{\"@type\":\"EntryPoint\",\"urlTemplate\":\"https:\\\/\\\/intelligent-babbage.45-83-245-57.plesk.page\\\/?s={search_term_string}\"},\"query-input\":{\"@type\":\"PropertyValueSpecification\",\"valueRequired\":true,\"valueName\":\"search_term_string\"}}],\"inLanguage\":\"en-US\"}]}<\/script>\n<!-- \/ Yoast SEO plugin. -->","yoast_head_json":{"title":"Strasser Steine - gr\u00f6\u00dfter Natursteinverarbeiter in \u00d6sterreich","description":"STRASSER Steine ist im Kernland des Granits mit 190 Mitarbeiterinnen und Mitarbeitern der gr\u00f6\u00dfte Natursteinverarbeiter in \u00d6sterreich.","robots":{"index":"noindex","follow":"follow","max-snippet":"max-snippet:-1","max-image-preview":"max-image-preview:large","max-video-preview":"max-video-preview:-1"},"og_locale":"en_US","og_type":"article","og_title":"Strasser Steine - gr\u00f6\u00dfter Natursteinverarbeiter in \u00d6sterreich","og_description":"STRASSER Steine ist im Kernland des Granits mit 190 Mitarbeiterinnen und Mitarbeitern der gr\u00f6\u00dfte Natursteinverarbeiter in \u00d6sterreich.","og_url":"https:\/\/intelligent-babbage.45-83-245-57.plesk.page\/en\/unternehmen\/","og_site_name":"Strasser-Steine","article_modified_time":"2016-03-23T09:52:07+00:00","schema":{"@context":"https:\/\/schema.org","@graph":[{"@type":"WebPage","@id":"https:\/\/intelligent-babbage.45-83-245-57.plesk.page\/en\/unternehmen\/","url":"https:\/\/intelligent-babbage.45-83-245-57.plesk.page\/en\/unternehmen\/","name":"Strasser Steine - gr\u00f6\u00dfter Natursteinverarbeiter in \u00d6sterreich","isPartOf":{"@id":"https:\/\/intelligent-babbage.45-83-245-57.plesk.page\/#website"},"datePublished":"2014-05-27T13:09:17+00:00","dateModified":"2016-03-23T09:52:07+00:00","description":"STRASSER Steine ist im Kernland des Granits mit 190 Mitarbeiterinnen und Mitarbeitern der gr\u00f6\u00dfte Natursteinverarbeiter in \u00d6sterreich.","breadcrumb":{"@id":"https:\/\/intelligent-babbage.45-83-245-57.plesk.page\/en\/unternehmen\/#breadcrumb"},"inLanguage":"en-US","potentialAction":[{"@type":"ReadAction","target":["https:\/\/intelligent-babbage.45-83-245-57.plesk.page\/en\/unternehmen\/"]}]},{"@type":"BreadcrumbList","@id":"https:\/\/intelligent-babbage.45-83-245-57.plesk.page\/en\/unternehmen\/#breadcrumb","itemListElement":[{"@type":"ListItem","position":1,"name":"Home","item":"https:\/\/intelligent-babbage.45-83-245-57.plesk.page\/en\/"},{"@type":"ListItem","position":2,"name":"COMPANY INTRODUCTION"}]},{"@type":"WebSite","@id":"https:\/\/intelligent-babbage.45-83-245-57.plesk.page\/#website","url":"https:\/\/intelligent-babbage.45-83-245-57.plesk.page\/","name":"Strasser-Steine","description":"","potentialAction":[{"@type":"SearchAction","target":{"@type":"EntryPoint","urlTemplate":"https:\/\/intelligent-babbage.45-83-245-57.plesk.page\/?s={search_term_string}"},"query-input":{"@type":"PropertyValueSpecification","valueRequired":true,"valueName":"search_term_string"}}],"inLanguage":"en-US"}]}},"_links":{"self":[{"href":"https:\/\/strasser-steine.at\/en\/wp-json\/wp\/v2\/pages\/5505","targetHints":{"allow":["GET"]}}],"collection":[{"href":"https:\/\/strasser-steine.at\/en\/wp-json\/wp\/v2\/pages"}],"about":[{"href":"https:\/\/strasser-steine.at\/en\/wp-json\/wp\/v2\/types\/page"}],"author":[{"embeddable":true,"href":"https:\/\/strasser-steine.at\/en\/wp-json\/wp\/v2\/users\/20"}],"replies":[{"embeddable":true,"href":"https:\/\/strasser-steine.at\/en\/wp-json\/wp\/v2\/comments?post=5505"}],"version-history":[{"count":3,"href":"https:\/\/strasser-steine.at\/en\/wp-json\/wp\/v2\/pages\/5505\/revisions"}],"predecessor-version":[{"id":5519,"href":"https:\/\/strasser-steine.at\/en\/wp-json\/wp\/v2\/pages\/5505\/revisions\/5519"}],"wp:attachment":[{"href":"https:\/\/strasser-steine.at\/en\/wp-json\/wp\/v2\/media?parent=5505"}],"curies":[{"name":"wp","href":"https:\/\/api.w.org\/{rel}","templated":true}]}}