{"id":5470,"date":"2014-07-01T17:35:44","date_gmt":"2014-07-01T15:35:44","guid":{"rendered":"http:\/\/strasser-steine.at\/en\/kuechenplatten\/naturstein\/"},"modified":"2016-03-22T17:54:36","modified_gmt":"2016-03-22T15:54:36","slug":"naturstein","status":"publish","type":"page","link":"https:\/\/strasser-steine.at\/en\/kuechenplatten\/naturstein\/","title":{"rendered":"Natural stone kitchen countertops \u2013 traditional &#038; timeless"},"content":{"rendered":"<h2>With the diversity of the \u201cSTRASSER-stones\u201c you have got many design options.<\/h2>\n<p>With a natural stone kitchen countertop, you will find the original charm of nature in the kitchen! The kitchen is the place of tastefulness \u2013 not only referring to the culinary enjoyment. Natural stone will turn a trivial kitchen into a beauty spot, which reflects personal flair.<\/p>\n","protected":false},"excerpt":{"rendered":"<p>With the diversity of the \u201cSTRASSER-stones\u201c you have got many design options. With a natural stone kitchen countertop, you will find the original charm of nature in the kitchen! The kitchen is the place of tastefulness \u2013 not only referring to the culinary enjoyment. Natural stone will turn a trivial<span class=\"readMore\">&#8230;&nbsp;weiterlesen<\/span><\/p>\n","protected":false},"author":20,"featured_media":0,"parent":5468,"menu_order":0,"comment_status":"open","ping_status":"closed","template":"temp\/content-kuechenplaten-naturstein.php","meta":{"footnotes":""},"class_list":["post-5470","page","type-page","status-publish","hentry"],"yoast_head":"<!-- This site is optimized with the Yoast SEO plugin v27.3 - https:\/\/yoast.com\/product\/yoast-seo-wordpress\/ -->\n<title>Arbeitsplatten aus Naturstein - Traditionell &amp; Zeitlos<\/title>\n<meta name=\"description\" content=\"Arbeitsplatten aus Naturstein l\u00e4sst aus dem allt\u00e4glichen Arbeitsplatz K\u00fcche etwas ganz Besonderes entstehen, das Ihren pers\u00f6nlichen Geschmack widerspiegelt.\" \/>\n<meta name=\"robots\" content=\"noindex, follow, max-snippet:-1, max-image-preview:large, max-video-preview:-1\" \/>\n<meta property=\"og:locale\" content=\"en_US\" \/>\n<meta property=\"og:type\" content=\"article\" \/>\n<meta property=\"og:title\" content=\"Arbeitsplatten aus Naturstein - Traditionell &amp; Zeitlos\" \/>\n<meta property=\"og:description\" content=\"Arbeitsplatten aus Naturstein l\u00e4sst aus dem allt\u00e4glichen Arbeitsplatz K\u00fcche etwas ganz Besonderes entstehen, das Ihren pers\u00f6nlichen Geschmack widerspiegelt.\" \/>\n<meta property=\"og:url\" content=\"https:\/\/intelligent-babbage.45-83-245-57.plesk.page\/en\/kuechenplatten\/naturstein\/\" \/>\n<meta property=\"og:site_name\" content=\"Strasser-Steine\" \/>\n<meta property=\"article:modified_time\" content=\"2016-03-22T15:54:36+00:00\" \/>\n<script type=\"application\/ld+json\" class=\"yoast-schema-graph\">{\"@context\":\"https:\\\/\\\/schema.org\",\"@graph\":[{\"@type\":\"WebPage\",\"@id\":\"https:\\\/\\\/intelligent-babbage.45-83-245-57.plesk.page\\\/en\\\/kuechenplatten\\\/naturstein\\\/\",\"url\":\"https:\\\/\\\/intelligent-babbage.45-83-245-57.plesk.page\\\/en\\\/kuechenplatten\\\/naturstein\\\/\",\"name\":\"Arbeitsplatten aus Naturstein - Traditionell & Zeitlos\",\"isPartOf\":{\"@id\":\"https:\\\/\\\/intelligent-babbage.45-83-245-57.plesk.page\\\/#website\"},\"datePublished\":\"2014-07-01T15:35:44+00:00\",\"dateModified\":\"2016-03-22T15:54:36+00:00\",\"description\":\"Arbeitsplatten aus Naturstein l\u00e4sst aus dem allt\u00e4glichen Arbeitsplatz K\u00fcche etwas ganz Besonderes entstehen, das Ihren pers\u00f6nlichen Geschmack widerspiegelt.\",\"breadcrumb\":{\"@id\":\"https:\\\/\\\/intelligent-babbage.45-83-245-57.plesk.page\\\/en\\\/kuechenplatten\\\/naturstein\\\/#breadcrumb\"},\"inLanguage\":\"en-US\",\"potentialAction\":[{\"@type\":\"ReadAction\",\"target\":[\"https:\\\/\\\/intelligent-babbage.45-83-245-57.plesk.page\\\/en\\\/kuechenplatten\\\/naturstein\\\/\"]}]},{\"@type\":\"BreadcrumbList\",\"@id\":\"https:\\\/\\\/intelligent-babbage.45-83-245-57.plesk.page\\\/en\\\/kuechenplatten\\\/naturstein\\\/#breadcrumb\",\"itemListElement\":[{\"@type\":\"ListItem\",\"position\":1,\"name\":\"Home\",\"item\":\"https:\\\/\\\/intelligent-babbage.45-83-245-57.plesk.page\\\/en\\\/\"},{\"@type\":\"ListItem\",\"position\":2,\"name\":\"Unique kitchen design\",\"item\":\"https:\\\/\\\/intelligent-babbage.45-83-245-57.plesk.page\\\/en\\\/kuechenplatten\\\/\"},{\"@type\":\"ListItem\",\"position\":3,\"name\":\"Natural stone kitchen countertops \u2013 traditional &#038; timeless\"}]},{\"@type\":\"WebSite\",\"@id\":\"https:\\\/\\\/intelligent-babbage.45-83-245-57.plesk.page\\\/#website\",\"url\":\"https:\\\/\\\/intelligent-babbage.45-83-245-57.plesk.page\\\/\",\"name\":\"Strasser-Steine\",\"description\":\"\",\"potentialAction\":[{\"@type\":\"SearchAction\",\"target\":{\"@type\":\"EntryPoint\",\"urlTemplate\":\"https:\\\/\\\/intelligent-babbage.45-83-245-57.plesk.page\\\/?s={search_term_string}\"},\"query-input\":{\"@type\":\"PropertyValueSpecification\",\"valueRequired\":true,\"valueName\":\"search_term_string\"}}],\"inLanguage\":\"en-US\"}]}<\/script>\n<!-- \/ Yoast SEO plugin. -->","yoast_head_json":{"title":"Arbeitsplatten aus Naturstein - Traditionell & Zeitlos","description":"Arbeitsplatten aus Naturstein l\u00e4sst aus dem allt\u00e4glichen Arbeitsplatz K\u00fcche etwas ganz Besonderes entstehen, das Ihren pers\u00f6nlichen Geschmack widerspiegelt.","robots":{"index":"noindex","follow":"follow","max-snippet":"max-snippet:-1","max-image-preview":"max-image-preview:large","max-video-preview":"max-video-preview:-1"},"og_locale":"en_US","og_type":"article","og_title":"Arbeitsplatten aus Naturstein - Traditionell & Zeitlos","og_description":"Arbeitsplatten aus Naturstein l\u00e4sst aus dem allt\u00e4glichen Arbeitsplatz K\u00fcche etwas ganz Besonderes entstehen, das Ihren pers\u00f6nlichen Geschmack widerspiegelt.","og_url":"https:\/\/intelligent-babbage.45-83-245-57.plesk.page\/en\/kuechenplatten\/naturstein\/","og_site_name":"Strasser-Steine","article_modified_time":"2016-03-22T15:54:36+00:00","schema":{"@context":"https:\/\/schema.org","@graph":[{"@type":"WebPage","@id":"https:\/\/intelligent-babbage.45-83-245-57.plesk.page\/en\/kuechenplatten\/naturstein\/","url":"https:\/\/intelligent-babbage.45-83-245-57.plesk.page\/en\/kuechenplatten\/naturstein\/","name":"Arbeitsplatten aus Naturstein - Traditionell & Zeitlos","isPartOf":{"@id":"https:\/\/intelligent-babbage.45-83-245-57.plesk.page\/#website"},"datePublished":"2014-07-01T15:35:44+00:00","dateModified":"2016-03-22T15:54:36+00:00","description":"Arbeitsplatten aus Naturstein l\u00e4sst aus dem allt\u00e4glichen Arbeitsplatz K\u00fcche etwas ganz Besonderes entstehen, das Ihren pers\u00f6nlichen Geschmack widerspiegelt.","breadcrumb":{"@id":"https:\/\/intelligent-babbage.45-83-245-57.plesk.page\/en\/kuechenplatten\/naturstein\/#breadcrumb"},"inLanguage":"en-US","potentialAction":[{"@type":"ReadAction","target":["https:\/\/intelligent-babbage.45-83-245-57.plesk.page\/en\/kuechenplatten\/naturstein\/"]}]},{"@type":"BreadcrumbList","@id":"https:\/\/intelligent-babbage.45-83-245-57.plesk.page\/en\/kuechenplatten\/naturstein\/#breadcrumb","itemListElement":[{"@type":"ListItem","position":1,"name":"Home","item":"https:\/\/intelligent-babbage.45-83-245-57.plesk.page\/en\/"},{"@type":"ListItem","position":2,"name":"Unique kitchen design","item":"https:\/\/intelligent-babbage.45-83-245-57.plesk.page\/en\/kuechenplatten\/"},{"@type":"ListItem","position":3,"name":"Natural stone kitchen countertops \u2013 traditional &#038; timeless"}]},{"@type":"WebSite","@id":"https:\/\/intelligent-babbage.45-83-245-57.plesk.page\/#website","url":"https:\/\/intelligent-babbage.45-83-245-57.plesk.page\/","name":"Strasser-Steine","description":"","potentialAction":[{"@type":"SearchAction","target":{"@type":"EntryPoint","urlTemplate":"https:\/\/intelligent-babbage.45-83-245-57.plesk.page\/?s={search_term_string}"},"query-input":{"@type":"PropertyValueSpecification","valueRequired":true,"valueName":"search_term_string"}}],"inLanguage":"en-US"}]}},"_links":{"self":[{"href":"https:\/\/strasser-steine.at\/en\/wp-json\/wp\/v2\/pages\/5470","targetHints":{"allow":["GET"]}}],"collection":[{"href":"https:\/\/strasser-steine.at\/en\/wp-json\/wp\/v2\/pages"}],"about":[{"href":"https:\/\/strasser-steine.at\/en\/wp-json\/wp\/v2\/types\/page"}],"author":[{"embeddable":true,"href":"https:\/\/strasser-steine.at\/en\/wp-json\/wp\/v2\/users\/20"}],"replies":[{"embeddable":true,"href":"https:\/\/strasser-steine.at\/en\/wp-json\/wp\/v2\/comments?post=5470"}],"version-history":[{"count":2,"href":"https:\/\/strasser-steine.at\/en\/wp-json\/wp\/v2\/pages\/5470\/revisions"}],"predecessor-version":[{"id":5473,"href":"https:\/\/strasser-steine.at\/en\/wp-json\/wp\/v2\/pages\/5470\/revisions\/5473"}],"up":[{"embeddable":true,"href":"https:\/\/strasser-steine.at\/en\/wp-json\/wp\/v2\/pages\/5468"}],"wp:attachment":[{"href":"https:\/\/strasser-steine.at\/en\/wp-json\/wp\/v2\/media?parent=5470"}],"curies":[{"name":"wp","href":"https:\/\/api.w.org\/{rel}","templated":true}]}}