{"id":5468,"date":"2014-05-14T13:32:23","date_gmt":"2014-05-14T11:32:23","guid":{"rendered":"http:\/\/strasser-steine.at\/en\/kuechenplatten\/"},"modified":"2016-03-22T17:34:01","modified_gmt":"2016-03-22T15:34:01","slug":"kuechenplatten","status":"publish","type":"page","link":"https:\/\/strasser-steine.at\/en\/kuechenplatten\/","title":{"rendered":"Unique kitchen design"},"content":{"rendered":"<h3 style=\"text-align: justify;\">The chosen material is only one component of a successful kitchen design. An equally important part is the manufacturing quality of the countertops. STRASSER shows its decades of expert knowledge in all details. Each countertop is recognized as high quality work.<strong><br \/>\n<\/strong><\/h3>\n<p style=\"text-align: justify;\">The outstanding \u201cchiseler-art\u201c as well as the creative potential of the staff has led to innovative new materials, colours and surfaces time and time again. Ceramic countertops and the surface \u201cLeather Look\u201c are processed in unique classical or vanguard creations. Connoisseurs of exceptional design are able to visit the extensive showroom at the headquarter in St. Martin i.M. at any time.<strong><br \/>\n<\/strong><\/p>\n","protected":false},"excerpt":{"rendered":"<p>The chosen material is only one component of a successful kitchen design. An equally important part is the manufacturing quality of the countertops. STRASSER shows its decades of expert knowledge in all details. Each countertop is recognized as high quality work. The outstanding \u201cchiseler-art\u201c as well as the creative potential<span class=\"readMore\">&#8230;&nbsp;weiterlesen<\/span><\/p>\n","protected":false},"author":20,"featured_media":0,"parent":0,"menu_order":0,"comment_status":"open","ping_status":"closed","template":"temp\/content-kuechenplaten.php","meta":{"footnotes":""},"class_list":["post-5468","page","type-page","status-publish","hentry"],"yoast_head":"<!-- This site is optimized with the Yoast SEO plugin v27.3 - https:\/\/yoast.com\/product\/yoast-seo-wordpress\/ -->\n<title>Qualitativ hochwertiges K\u00fcchendesign \u2013 Strasser Steine<\/title>\n<meta name=\"description\" content=\"F\u00fcr ein gelungenes K\u00fcchendesign ist nicht nur das Material entscheidend sondern auch die Qualit\u00e4t der Verarbeitung. Hier finden Sie Ihre K\u00fcchenplatte\" \/>\n<meta name=\"robots\" content=\"noindex, follow, max-snippet:-1, max-image-preview:large, max-video-preview:-1\" \/>\n<meta property=\"og:locale\" content=\"en_US\" \/>\n<meta property=\"og:type\" content=\"article\" \/>\n<meta property=\"og:title\" content=\"Qualitativ hochwertiges K\u00fcchendesign \u2013 Strasser Steine\" \/>\n<meta property=\"og:description\" content=\"F\u00fcr ein gelungenes K\u00fcchendesign ist nicht nur das Material entscheidend sondern auch die Qualit\u00e4t der Verarbeitung. Hier finden Sie Ihre K\u00fcchenplatte\" \/>\n<meta property=\"og:url\" content=\"https:\/\/intelligent-babbage.45-83-245-57.plesk.page\/en\/kuechenplatten\/\" \/>\n<meta property=\"og:site_name\" content=\"Strasser-Steine\" \/>\n<meta property=\"article:modified_time\" content=\"2016-03-22T15:34:01+00:00\" \/>\n<meta name=\"twitter:label1\" content=\"Est. reading time\" \/>\n\t<meta name=\"twitter:data1\" content=\"1 minute\" \/>\n<script type=\"application\/ld+json\" class=\"yoast-schema-graph\">{\"@context\":\"https:\\\/\\\/schema.org\",\"@graph\":[{\"@type\":\"WebPage\",\"@id\":\"https:\\\/\\\/intelligent-babbage.45-83-245-57.plesk.page\\\/en\\\/kuechenplatten\\\/\",\"url\":\"https:\\\/\\\/intelligent-babbage.45-83-245-57.plesk.page\\\/en\\\/kuechenplatten\\\/\",\"name\":\"Qualitativ hochwertiges K\u00fcchendesign \u2013 Strasser Steine\",\"isPartOf\":{\"@id\":\"https:\\\/\\\/intelligent-babbage.45-83-245-57.plesk.page\\\/#website\"},\"datePublished\":\"2014-05-14T11:32:23+00:00\",\"dateModified\":\"2016-03-22T15:34:01+00:00\",\"description\":\"F\u00fcr ein gelungenes K\u00fcchendesign ist nicht nur das Material entscheidend sondern auch die Qualit\u00e4t der Verarbeitung. Hier finden Sie Ihre K\u00fcchenplatte\",\"breadcrumb\":{\"@id\":\"https:\\\/\\\/intelligent-babbage.45-83-245-57.plesk.page\\\/en\\\/kuechenplatten\\\/#breadcrumb\"},\"inLanguage\":\"en-US\",\"potentialAction\":[{\"@type\":\"ReadAction\",\"target\":[\"https:\\\/\\\/intelligent-babbage.45-83-245-57.plesk.page\\\/en\\\/kuechenplatten\\\/\"]}]},{\"@type\":\"BreadcrumbList\",\"@id\":\"https:\\\/\\\/intelligent-babbage.45-83-245-57.plesk.page\\\/en\\\/kuechenplatten\\\/#breadcrumb\",\"itemListElement\":[{\"@type\":\"ListItem\",\"position\":1,\"name\":\"Home\",\"item\":\"https:\\\/\\\/intelligent-babbage.45-83-245-57.plesk.page\\\/en\\\/\"},{\"@type\":\"ListItem\",\"position\":2,\"name\":\"Unique kitchen design\"}]},{\"@type\":\"WebSite\",\"@id\":\"https:\\\/\\\/intelligent-babbage.45-83-245-57.plesk.page\\\/#website\",\"url\":\"https:\\\/\\\/intelligent-babbage.45-83-245-57.plesk.page\\\/\",\"name\":\"Strasser-Steine\",\"description\":\"\",\"potentialAction\":[{\"@type\":\"SearchAction\",\"target\":{\"@type\":\"EntryPoint\",\"urlTemplate\":\"https:\\\/\\\/intelligent-babbage.45-83-245-57.plesk.page\\\/?s={search_term_string}\"},\"query-input\":{\"@type\":\"PropertyValueSpecification\",\"valueRequired\":true,\"valueName\":\"search_term_string\"}}],\"inLanguage\":\"en-US\"}]}<\/script>\n<!-- \/ Yoast SEO plugin. -->","yoast_head_json":{"title":"Qualitativ hochwertiges K\u00fcchendesign \u2013 Strasser Steine","description":"F\u00fcr ein gelungenes K\u00fcchendesign ist nicht nur das Material entscheidend sondern auch die Qualit\u00e4t der Verarbeitung. Hier finden Sie Ihre K\u00fcchenplatte","robots":{"index":"noindex","follow":"follow","max-snippet":"max-snippet:-1","max-image-preview":"max-image-preview:large","max-video-preview":"max-video-preview:-1"},"og_locale":"en_US","og_type":"article","og_title":"Qualitativ hochwertiges K\u00fcchendesign \u2013 Strasser Steine","og_description":"F\u00fcr ein gelungenes K\u00fcchendesign ist nicht nur das Material entscheidend sondern auch die Qualit\u00e4t der Verarbeitung. Hier finden Sie Ihre K\u00fcchenplatte","og_url":"https:\/\/intelligent-babbage.45-83-245-57.plesk.page\/en\/kuechenplatten\/","og_site_name":"Strasser-Steine","article_modified_time":"2016-03-22T15:34:01+00:00","twitter_misc":{"Est. reading time":"1 minute"},"schema":{"@context":"https:\/\/schema.org","@graph":[{"@type":"WebPage","@id":"https:\/\/intelligent-babbage.45-83-245-57.plesk.page\/en\/kuechenplatten\/","url":"https:\/\/intelligent-babbage.45-83-245-57.plesk.page\/en\/kuechenplatten\/","name":"Qualitativ hochwertiges K\u00fcchendesign \u2013 Strasser Steine","isPartOf":{"@id":"https:\/\/intelligent-babbage.45-83-245-57.plesk.page\/#website"},"datePublished":"2014-05-14T11:32:23+00:00","dateModified":"2016-03-22T15:34:01+00:00","description":"F\u00fcr ein gelungenes K\u00fcchendesign ist nicht nur das Material entscheidend sondern auch die Qualit\u00e4t der Verarbeitung. Hier finden Sie Ihre K\u00fcchenplatte","breadcrumb":{"@id":"https:\/\/intelligent-babbage.45-83-245-57.plesk.page\/en\/kuechenplatten\/#breadcrumb"},"inLanguage":"en-US","potentialAction":[{"@type":"ReadAction","target":["https:\/\/intelligent-babbage.45-83-245-57.plesk.page\/en\/kuechenplatten\/"]}]},{"@type":"BreadcrumbList","@id":"https:\/\/intelligent-babbage.45-83-245-57.plesk.page\/en\/kuechenplatten\/#breadcrumb","itemListElement":[{"@type":"ListItem","position":1,"name":"Home","item":"https:\/\/intelligent-babbage.45-83-245-57.plesk.page\/en\/"},{"@type":"ListItem","position":2,"name":"Unique kitchen design"}]},{"@type":"WebSite","@id":"https:\/\/intelligent-babbage.45-83-245-57.plesk.page\/#website","url":"https:\/\/intelligent-babbage.45-83-245-57.plesk.page\/","name":"Strasser-Steine","description":"","potentialAction":[{"@type":"SearchAction","target":{"@type":"EntryPoint","urlTemplate":"https:\/\/intelligent-babbage.45-83-245-57.plesk.page\/?s={search_term_string}"},"query-input":{"@type":"PropertyValueSpecification","valueRequired":true,"valueName":"search_term_string"}}],"inLanguage":"en-US"}]}},"_links":{"self":[{"href":"https:\/\/strasser-steine.at\/en\/wp-json\/wp\/v2\/pages\/5468","targetHints":{"allow":["GET"]}}],"collection":[{"href":"https:\/\/strasser-steine.at\/en\/wp-json\/wp\/v2\/pages"}],"about":[{"href":"https:\/\/strasser-steine.at\/en\/wp-json\/wp\/v2\/types\/page"}],"author":[{"embeddable":true,"href":"https:\/\/strasser-steine.at\/en\/wp-json\/wp\/v2\/users\/20"}],"replies":[{"embeddable":true,"href":"https:\/\/strasser-steine.at\/en\/wp-json\/wp\/v2\/comments?post=5468"}],"version-history":[{"count":1,"href":"https:\/\/strasser-steine.at\/en\/wp-json\/wp\/v2\/pages\/5468\/revisions"}],"predecessor-version":[{"id":5469,"href":"https:\/\/strasser-steine.at\/en\/wp-json\/wp\/v2\/pages\/5468\/revisions\/5469"}],"wp:attachment":[{"href":"https:\/\/strasser-steine.at\/en\/wp-json\/wp\/v2\/media?parent=5468"}],"curies":[{"name":"wp","href":"https:\/\/api.w.org\/{rel}","templated":true}]}}